{"id":593,"date":"2022-02-19T16:51:00","date_gmt":"2022-02-19T16:51:00","guid":{"rendered":"https:\/\/demo.creativethemes.com\/stagingthree\/?page_id=593"},"modified":"2025-03-09T17:04:34","modified_gmt":"2025-03-09T16:04:34","slug":"about","status":"publish","type":"page","link":"https:\/\/bainsdenergies.fr\/index.php\/about\/","title":{"rendered":"L&rsquo;\u00e9nergie solaire photovolta\u00efque"},"content":{"rendered":"\n<p><\/p>\n\n\n\n<h2 class=\"wp-block-heading\">Le projet solaire de Bains d\u2019\u00c9nergies en d\u00e9tail<\/h2>\n\n\n\n<p>\u00c0 La V\u00f4ge-les-Bains, une des quatre villes thermales des Vosges, on utilise l\u2019eau pour produire de l\u2019\u00e9nergie depuis toujours. La SCIC SAS Bains d\u2019\u00c9nergies a eu l\u2019id\u00e9e d\u2019utiliser \u00e9galement, en attendant la remise en route des turbines hydro\u00e9lectriques, l\u2019\u00e9nergie du soleil. 525 m\u00b2 de panneaux solaires ont \u00e9t\u00e9 install\u00e9s en valorisant par ailleurs la toiture d\u2019anciens b\u00e2timents industriels. Ces 312 panneaux ont \u00e9t\u00e9 fabriqu\u00e9s par un fabricant alsacien, <a href=\"https:\/\/www.voltec-solar.com\/\">Voltec<\/a>, et pos\u00e9s par un installateur vosgien, <a href=\"https:\/\/www.reseau-proeco-energies.fr\/artisan\/ets-ecodenn-ergie-1162\">Ecodenn&rsquo;ergie<\/a> \u00e0 Golbey. Fonctionner en circuit court gr\u00e2ce aux ressources locales, voil\u00e0 notre philosophie !<\/p>\n\n\n\n<div class=\"wp-block-stackable-spacer stk-block-spacer stk--no-padding stk-block stk-5cabae3\" data-block-id=\"5cabae3\"><\/div>\n\n\n\n<div class=\"wp-block-stackable-columns alignfull stk-block-columns stk-block stk-47369fb\" data-block-id=\"47369fb\"><style>.stk-47369fb .stk--block-align-47369fb{align-items:center !important}.stk-47369fb{margin-bottom:0px !important}.stk-47369fb-column{--stk-column-gap:50px !important;row-gap:50px !important}<\/style><div class=\"stk-row stk-inner-blocks stk--block-align-47369fb stk-block-content stk-content-align stk-47369fb-column\">\n<div class=\"wp-block-stackable-column stk-block-column stk-column stk-block stk-1da631d\" data-v=\"4\" data-block-id=\"1da631d\"><style>.stk-1da631d-container{margin-top:0px !important;margin-right:0px !important;margin-bottom:0px !important;margin-left:0px !important}@media screen and (min-width:768px){.stk-1da631d{flex:1 1 calc(52.29999999999998% - var(--stk-column-gap,0px) * 1 \/ 2 ) !important}}<\/style><div class=\"stk-column-wrapper stk-block-column__content stk-container stk-1da631d-container stk--no-background stk--no-padding\"><div class=\"stk-block-content stk-inner-blocks stk-1da631d-inner-blocks\">\n<div class=\"wp-block-stackable-heading stk-block-heading stk-block-heading--v2 stk-block stk-ad9fe3a\" id=\"notre-premiere-realisation\" data-block-id=\"ad9fe3a\"><style>.stk-ad9fe3a{margin-bottom:35px !important}.stk-ad9fe3a .stk-block-heading__text{font-size:40px !important;line-height:1.2em !important}@media screen and (max-width:1023px){.stk-ad9fe3a .stk-block-heading__text{font-size:30px !important}}<\/style><h2 class=\"stk-block-heading__text has-text-align-center-mobile\">Notre premi\u00e8re r\u00e9alisation :<\/h2><\/div>\n\n\n\n<div class=\"wp-block-stackable-text stk-block-text stk-block stk-b6e9eb3\" data-block-id=\"b6e9eb3\"><p class=\"stk-block-text__text has-text-align-center-mobile\">Une production d&rsquo;\u00e9nergie solaire photovolta\u00efque sur une partie des toitures de la Tr\u00e9filerie.<\/p><\/div>\n\n\n\n<p>Ce premier projet, en fonctionnement depuis 2022, sera prochainement compl\u00e9t\u00e9 par une nouvelle installation solaire ; cette fois l\u2019\u00e9lectricit\u00e9 produite ne sera pas revendue en totalit\u00e9 \u00e0 EDF, mais autoconsomm\u00e9e collectivement par les habitants de la V\u00f4ge-les-Bains et alentours qui seront s\u00e9duits par la perspective de consommer une \u00e9nergie verte, locale et moins ch\u00e8re !<\/p>\n\n\n\n<p>Pour ce projet, nous avons b\u00e9n\u00e9fici\u00e9 de l&rsquo;aide de la r\u00e9gion Grand Est (<a href=\"https:\/\/www.climaxion.fr\/\">Climaxion<\/a>).<\/p>\n\n\n\n<p><\/p>\n<\/div><\/div><\/div>\n\n\n\n<div class=\"wp-block-stackable-column stk-block-column stk-column stk-block stk-43cb914\" data-v=\"4\" data-block-id=\"43cb914\"><style>.stk-43cb914-container{margin-top:0px !important;margin-right:0px !important;margin-bottom:0px !important;margin-left:0px !important}@media screen and (min-width:768px){.stk-43cb914{flex:1 1 calc(47.7% - var(--stk-column-gap,0px) * 1 \/ 2 ) !important}}<\/style><div class=\"stk-column-wrapper stk-block-column__content stk-container stk-43cb914-container stk--no-background stk--no-padding\"><div class=\"stk-block-content stk-inner-blocks stk-43cb914-inner-blocks\">\n<div class=\"wp-block-columns is-layout-flex wp-container-core-columns-is-layout-28f84493 wp-block-columns-is-layout-flex\">\n<div class=\"wp-block-column is-layout-flow wp-block-column-is-layout-flow\" style=\"flex-basis:100%\">\n<figure class=\"wp-block-image size-large\"><img loading=\"lazy\" decoding=\"async\" width=\"1024\" height=\"500\" src=\"http:\/\/bainsdenergies.fr\/wp-content\/uploads\/2024\/01\/Capture-decran-2024-01-17-a-10.33.20-1024x500.png\" alt=\"\" class=\"wp-image-1141\" srcset=\"https:\/\/bainsdenergies.fr\/wp-content\/uploads\/2024\/01\/Capture-decran-2024-01-17-a-10.33.20-1024x500.png 1024w, https:\/\/bainsdenergies.fr\/wp-content\/uploads\/2024\/01\/Capture-decran-2024-01-17-a-10.33.20-300x147.png 300w, https:\/\/bainsdenergies.fr\/wp-content\/uploads\/2024\/01\/Capture-decran-2024-01-17-a-10.33.20-768x375.png 768w, https:\/\/bainsdenergies.fr\/wp-content\/uploads\/2024\/01\/Capture-decran-2024-01-17-a-10.33.20-1536x750.png 1536w, https:\/\/bainsdenergies.fr\/wp-content\/uploads\/2024\/01\/Capture-decran-2024-01-17-a-10.33.20-2048x1001.png 2048w\" sizes=\"auto, (max-width: 1024px) 100vw, 1024px\" \/><\/figure>\n<\/div>\n<\/div>\n<\/div><\/div><\/div>\n<\/div><\/div>\n\n\n\n<div class=\"wp-block-stackable-spacer stk-block-spacer stk--no-padding stk-block stk-0c5a20f\" data-block-id=\"0c5a20f\"><style>.stk-0c5a20f{height:88px !important}@media screen and (max-width:1023px){.stk-0c5a20f{height:80px !important}}<\/style><\/div>\n\n\n\n<div class=\"wp-block-stackable-heading stk-block-heading stk-block-heading--v2 stk-block stk-cec2718\" id=\"deja-plus-de-180-000-k-wh-produits\" data-block-id=\"cec2718\"><h3 class=\"stk-block-heading__text\">D\u00e9j\u00e0 plus de 180 000 kWh produits, <\/h3><\/div>\n\n\n\n<div class=\"wp-block-stackable-text stk-block-text stk-block stk-6b82c70\" data-block-id=\"6b82c70\"><p class=\"stk-block-text__text\">chaque ann\u00e9e l&rsquo;\u00e9quivalent de la consommation moyenne de 30 foyers, et plus \u00e0 venir :<\/p><\/div>\n\n\n\n<div class=\"wp-block-stackable-text stk-block-text stk-block stk-98cfdf2\" data-block-id=\"98cfdf2\"><p class=\"stk-block-text__text\">En attendant les autorisations n\u00e9cessaires pour r\u00e9aliser notre grand projet hydro\u00e9lectrique, nous allons utiliser de nouvelles toitures pour augmenter notre production d&rsquo;\u00e9nergie solaire, dans notre cercle d&rsquo;<a href=\".\/index.php\/lautoconsommation-collective-delectricite\">autoconsommation<\/a> et peut-\u00eatre m\u00eame plus loin dans les Vosges.<\/p><\/div>\n\n\n\n<div class=\"wp-block-stackable-spacer stk-block-spacer stk--no-padding stk-block stk-f1bd682\" data-block-id=\"f1bd682\"><\/div>\n\n\n\n<div class=\"wp-block-stackable-button-group stk-block-button-group stk-block stk-7867709\" data-block-id=\"7867709\"><div class=\"stk-row stk-inner-blocks stk-block-content stk-button-group\">\n<div class=\"wp-block-stackable-button stk-block-button stk-block stk-1c02308\" data-block-id=\"1c02308\"><style>.stk-1c02308 .stk-button{background:var(--theme-palette-color-2,#0d802a) !important}.stk-1c02308 .stk-button__inner-text{color:var(--theme-palette-color-5,#edeff2) !important}<\/style><a class=\"stk-link stk-button stk--hover-effect-darken\" href=\".\/index.php\/lautoconsommation-collective-delectricite\" target=\"_blank\" rel=\"noreferrer noopener\"><span class=\"has-text-color stk-button__inner-text\">En savoir plus sur l&rsquo;ACC<\/span><\/a><\/div>\n<\/div><\/div>\n\n\n\n<h2 class=\"wp-block-heading has-large-font-size\">En attendant la prochaine campagne de pose de capteurs, les kits photovolta\u00efques :<\/h2>\n\n\n\n<p>En collaboration avec Part&rsquo;EnR, nous proposons \u00e0 nos soci\u00e9taires des kits \u00e0 installer au sol, permettant ainsi d\u2019augmenter la capacit\u00e9 d\u2019autoconsommation individuelle locale.&nbsp;<\/p>\n\n\n\n<p>Ces kits visent \u00e0 couvrir le \u00ab talon de consommation \u00bb de votre foyer, soit la consommation \u00e9lectrique de base qui reste constante.<\/p>\n\n\n\n<p>Le kit, propos\u00e9 \u00e0 650 euros TTC (imbattable sur le march\u00e9), comprend :<\/p>\n\n\n\n<p>\u20222 panneaux de 400 W chacun<\/p>\n\n\n\n<p>\u2022Un support en acier et bois ou acier et aluminium<\/p>\n\n\n\n<p>\u2022Un micro-onduleur<\/p>\n\n\n\n<p>\u2022Une double prise ext\u00e9rieure<\/p>\n\n\n\n<div class=\"wp-block-stackable-divider stk-block-divider stk-block stk-d0b82fb\" data-block-id=\"d0b82fb\"><hr class=\"stk-block-divider__hr\"\/><\/div>\n\n\n\n<figure class=\"wp-block-image size-large\"><img loading=\"lazy\" decoding=\"async\" width=\"1024\" height=\"586\" src=\"http:\/\/bainsdenergies.fr\/wp-content\/uploads\/2025\/03\/kit-PV-Bains-d-Energies-1024x586.png\" alt=\"\" class=\"wp-image-1882\" srcset=\"https:\/\/bainsdenergies.fr\/wp-content\/uploads\/2025\/03\/kit-PV-Bains-d-Energies-1024x586.png 1024w, https:\/\/bainsdenergies.fr\/wp-content\/uploads\/2025\/03\/kit-PV-Bains-d-Energies-300x172.png 300w, https:\/\/bainsdenergies.fr\/wp-content\/uploads\/2025\/03\/kit-PV-Bains-d-Energies-768x440.png 768w, https:\/\/bainsdenergies.fr\/wp-content\/uploads\/2025\/03\/kit-PV-Bains-d-Energies.png 1280w\" sizes=\"auto, (max-width: 1024px) 100vw, 1024px\" \/><\/figure>\n\n\n\n<p class=\"has-large-font-size\">Si vous \u00eates int\u00e9ress\u00e9, n&rsquo;h\u00e9sitez pas \u00e0 nous le dire (zone \u00ab\u00a0contact\u00a0\u00bb).<\/p>\n\n\n\n<p class=\"has-x-large-font-size\">Et une fois que le kit est pr\u00eat \u00e0 monter, voici le <a href=\"https:\/\/www.youtube.com\/watch?v=z4cBpfubvQI\">tuto<\/a>.<\/p>\n\n\n\n<div class=\"wp-block-stackable-columns stk-block-columns stk-block stk-5c974c4\" data-block-id=\"5c974c4\"><style>.stk-5c974c4{margin-bottom:0px !important}<\/style><div class=\"stk-row stk-inner-blocks stk-block-content stk-content-align stk-5c974c4-column\">\n<div class=\"wp-block-stackable-column stk-block-column stk-column stk-block stk-ef479af\" data-v=\"4\" data-block-id=\"ef479af\"><style>@media screen and (min-width:768px){.stk-ef479af{flex:1 1 calc(25% - var(--stk-column-gap,0px) * 3 \/ 4 ) !important}}<\/style><div class=\"stk-column-wrapper stk-block-column__content stk-container stk-ef479af-container stk--no-background stk--no-padding\"><div class=\"stk-block-content stk-inner-blocks stk-ef479af-inner-blocks\"><\/div><\/div><\/div>\n\n\n\n<div class=\"wp-block-stackable-column stk-block-column stk-column stk-block stk-85b8b0a\" data-v=\"4\" data-block-id=\"85b8b0a\"><style>@media screen and (min-width:768px){.stk-85b8b0a{flex:1 1 calc(19.5% - var(--stk-column-gap,0px) * 3 \/ 4 ) !important}}<\/style><div class=\"stk-column-wrapper stk-block-column__content stk-container stk-85b8b0a-container stk--no-background stk--no-padding\"><div class=\"stk-block-content stk-inner-blocks stk-85b8b0a-inner-blocks\"><\/div><\/div><\/div>\n\n\n\n<div class=\"wp-block-stackable-column stk-block-column stk-column stk-block stk-559d3bf\" data-v=\"4\" data-block-id=\"559d3bf\"><style>@media screen and (min-width:768px){.stk-559d3bf{flex:1 1 calc(34.8% - var(--stk-column-gap,0px) * 3 \/ 4 ) !important}}<\/style><div class=\"stk-column-wrapper stk-block-column__content stk-container stk-559d3bf-container stk--no-background stk--no-padding\"><div class=\"stk-block-content stk-inner-blocks stk-559d3bf-inner-blocks\"><\/div><\/div><\/div>\n\n\n\n<div class=\"wp-block-stackable-column stk-block-column stk-column stk-block stk-ec4654a\" data-v=\"4\" data-block-id=\"ec4654a\"><style>@media screen and (min-width:768px){.stk-ec4654a{flex:1 1 calc(20.7% - var(--stk-column-gap,0px) * 3 \/ 4 ) !important}}<\/style><div class=\"stk-column-wrapper stk-block-column__content stk-container stk-ec4654a-container stk--no-background stk--no-padding\"><div class=\"has-text-align-center stk-block-content stk-inner-blocks stk-ec4654a-inner-blocks\"><\/div><\/div><\/div>\n<\/div><\/div>\n\n\n\n<div class=\"wp-block-stackable-spacer stk-block-spacer stk--no-padding stk-block stk-551bfce\" data-block-id=\"551bfce\"><style>.stk-551bfce{height:130px !important}@media screen and (max-width:1023px){.stk-551bfce{height:80px !important}}<\/style><\/div>\n\n\n\n<div class=\"wp-block-stackable-columns alignfull stk-block-columns stk-block stk-51483c5 stk-block-background stk--has-background-overlay\" data-block-id=\"51483c5\"><style>.stk-51483c5 .stk--block-align-51483c5{align-items:center !important}.stk-51483c5{background-color:#000000 !important;background-image:url(http:\/\/bainsdenergies.fr\/wp-content\/uploads\/2024\/01\/Page1-2.jpeg) !important;padding-top:150px !important;padding-bottom:150px !important;margin-bottom:0px !important}.stk-51483c5:before{background-color:#000000 !important;opacity:0.3 !important}.stk-51483c5-column{--stk-column-gap:35px !important}@media screen and (max-width:1023px){.stk-51483c5{padding-top:100px !important;padding-bottom:100px !important}}<\/style><div class=\"stk-row stk-inner-blocks stk--block-align-51483c5 stk-block-content stk-content-align stk-51483c5-column\">\n<div class=\"wp-block-stackable-column stk-block-column stk-column stk-block stk-6cfc4a8\" data-v=\"4\" data-block-id=\"6cfc4a8\"><style>.stk-6cfc4a8-container{margin-top:0px !important;margin-right:0px !important;margin-bottom:0px !important;margin-left:0px !important}@media screen and (min-width:768px) and (max-width:1023px){.stk-6cfc4a8{flex:0 1 calc(100% - var(--stk-column-gap,0px) * 0 \/ 1 ) !important}}<\/style><div class=\"stk-column-wrapper stk-block-column__content stk-container stk-6cfc4a8-container stk--no-background stk--no-padding\"><div class=\"stk-block-content stk-inner-blocks stk-6cfc4a8-inner-blocks\">\n<div class=\"wp-block-stackable-text stk-block-text stk-block stk-488d65e\" data-block-id=\"488d65e\"><style>.stk-488d65e{margin-bottom:10px !important}.stk-488d65e .stk-block-text__text{color:var(--theme-palette-color-5,#edeff2) !important}<\/style><p class=\"stk-block-text__text has-text-color has-palette-color-5-color has-text-align-center-mobile\">Rejoignez-nous<\/p><\/div>\n\n\n\n<div class=\"wp-block-stackable-divider stk-block-divider stk--hide-mobile has-text-align-left stk-block stk-dcead3d is-style-bar\" data-block-id=\"dcead3d\"><style>.stk-dcead3d{margin-bottom:15px !important}.stk-dcead3d hr.stk-block-divider__hr{background:var(--theme-palette-color-1,#ffcd05) !important;border-radius:calc(4px \/ 2) !important;height:4px !important;width:17% !important}<\/style><hr class=\"stk-block-divider__hr\"\/><\/div>\n\n\n\n<div class=\"wp-block-stackable-heading stk-block-heading stk-block-heading--v2 stk-block stk-954caba\" id=\"venez-nous-aider-a-rendre-le-futur-plus-beau\" data-block-id=\"954caba\"><style>.stk-954caba{margin-bottom:20px !important}.stk-954caba .stk-block-heading__text{font-size:50px !important;color:var(--theme-palette-color-8,#ffffff) !important;line-height:1.2em !important}@media screen and (max-width:1023px){.stk-954caba .stk-block-heading__text{font-size:40px !important}}<\/style><h2 class=\"stk-block-heading__text has-text-color has-palette-color-8-color has-text-align-center-mobile\">Venez nous aider \u00e0 rendre le futur plus beau<\/h2><\/div>\n\n\n\n<div class=\"wp-block-stackable-text stk-block-text stk-block stk-35e8da2\" data-block-id=\"35e8da2\"><style>.stk-35e8da2{margin-bottom:40px !important}.stk-35e8da2 .stk-block-text__text{color:var(--theme-palette-color-5,#edeff2) !important}<\/style><p class=\"stk-block-text__text has-text-color has-palette-color-5-color has-text-align-center-mobile\">\u00c0 Bains d&rsquo;\u00c9nergies, on m\u00e8ne une action de transition \u00e9cologique avec des animations, des installations de production d&rsquo;\u00e9nergie et d&rsquo;\u00e9conomie alternative. Un endroit o\u00f9 l&rsquo;on s&rsquo;engage dans une d\u00e9marche d&rsquo;avenir !<\/p><\/div>\n\n\n\n<div class=\"wp-block-stackable-button-group stk-block-button-group stk-block stk-2fdae91\" data-block-id=\"2fdae91\"><div class=\"stk-row stk-inner-blocks has-text-align-center-mobile stk-block-content stk-button-group\">\n<div class=\"wp-block-stackable-button stk-block-button stk-block stk-273f1be\" data-block-id=\"273f1be\"><style>.stk-273f1be .stk-button{padding-top:12px !important;padding-right:30px !important;padding-bottom:12px !important;padding-left:30px !important;border-top-left-radius:3px !important;border-top-right-radius:3px !important;border-bottom-right-radius:3px !important;border-bottom-left-radius:3px !important}.stk-273f1be .stk-button__inner-text{font-size:1.15em !important;color:var(--theme-palette-color-4,#111518) !important}@media screen and (max-width:1023px){.stk-273f1be .stk-button__inner-text{font-size:1.15em !important}}<\/style><a class=\"stk-link stk-button stk--hover-effect-darken\" href=\".\/index.php\/2024\/01\/25\/rejoignez-nous\"><span class=\"has-text-color has-palette-color-4-color stk-button__inner-text\">Nous rejoindre<\/span><\/a><\/div>\n<\/div><\/div>\n<\/div><\/div><\/div>\n\n\n\n<div class=\"wp-block-stackable-column stk-block-column stk-column stk-block stk-54ec8b1\" data-v=\"4\" data-block-id=\"54ec8b1\"><style>.stk-54ec8b1-container{margin-top:0px !important;margin-right:0px !important;margin-bottom:0px !important;margin-left:0px !important}@media screen and (min-width:768px) and (max-width:1023px){.stk-54ec8b1{flex:0 1 calc(50% - var(--stk-column-gap,0px) * 0 \/ 1 ) !important}}<\/style><div class=\"stk-column-wrapper stk-block-column__content stk-container stk-54ec8b1-container stk--no-background stk--no-padding\"><div class=\"stk-block-content stk-inner-blocks stk-54ec8b1-inner-blocks\"><\/div><\/div><\/div>\n<\/div><\/div>\n","protected":false},"excerpt":{"rendered":"<p>Le projet solaire de Bains d\u2019\u00c9nergies en d\u00e9tail \u00c0 La V\u00f4ge-les-Bains, une des quatre villes thermales des Vosges, on utilise l\u2019eau pour produire de l\u2019\u00e9nergie depuis toujours. La SCIC SAS Bains d\u2019\u00c9nergies a eu l\u2019id\u00e9e d\u2019utiliser \u00e9galement, en attendant la remise en route des turbines hydro\u00e9lectriques, l\u2019\u00e9nergie du soleil. 525 m\u00b2 de panneaux solaires ont [&hellip;]<\/p>\n","protected":false},"author":1,"featured_media":1570,"parent":0,"menu_order":0,"comment_status":"closed","ping_status":"closed","template":"","meta":{"footnotes":""},"class_list":["post-593","page","type-page","status-publish","has-post-thumbnail","hentry"],"blocksy_meta":{"styles_descriptor":{"styles":{"desktop":"","tablet":"","mobile":""},"google_fonts":[],"version":6}},"featured_image_urls":{"full":["https:\/\/bainsdenergies.fr\/wp-content\/uploads\/2024\/04\/capteurs-Trefilerie.jpg",1080,608,false],"thumbnail":["https:\/\/bainsdenergies.fr\/wp-content\/uploads\/2024\/04\/capteurs-Trefilerie-150x150.jpg",150,150,true],"medium":["https:\/\/bainsdenergies.fr\/wp-content\/uploads\/2024\/04\/capteurs-Trefilerie-300x169.jpg",300,169,true],"medium_large":["https:\/\/bainsdenergies.fr\/wp-content\/uploads\/2024\/04\/capteurs-Trefilerie-768x432.jpg",768,432,true],"large":["https:\/\/bainsdenergies.fr\/wp-content\/uploads\/2024\/04\/capteurs-Trefilerie-1024x576.jpg",1024,576,true],"1536x1536":["https:\/\/bainsdenergies.fr\/wp-content\/uploads\/2024\/04\/capteurs-Trefilerie.jpg",1080,608,false],"2048x2048":["https:\/\/bainsdenergies.fr\/wp-content\/uploads\/2024\/04\/capteurs-Trefilerie.jpg",1080,608,false]},"post_excerpt_stackable":"<p>Le projet solaire de Bains d\u2019\u00c9nergies en d\u00e9tail \u00c0 La V\u00f4ge-les-Bains, une des quatre villes thermales des Vosges, on utilise l\u2019eau pour produire de l\u2019\u00e9nergie depuis toujours. La SCIC SAS Bains d\u2019\u00c9nergies a eu l\u2019id\u00e9e d\u2019utiliser \u00e9galement, en attendant la remise en route des turbines hydro\u00e9lectriques, l\u2019\u00e9nergie du soleil. 525 m\u00b2 de panneaux solaires ont \u00e9t\u00e9 install\u00e9s en valorisant par ailleurs la toiture d\u2019anciens b\u00e2timents industriels. Ces 312 panneaux ont \u00e9t\u00e9 fabriqu\u00e9s par un fabricant alsacien, Voltec, et pos\u00e9s par un installateur vosgien, Ecodenn&rsquo;ergie \u00e0 Golbey. Fonctionner en circuit court gr\u00e2ce aux ressources locales, voil\u00e0 notre philosophie ! Notre premi\u00e8re\u2026<\/p>\n","category_list":"","author_info":{"name":"admin2024","url":"https:\/\/bainsdenergies.fr\/index.php\/author\/admin2024\/"},"comments_num":"0 commentaire","_links":{"self":[{"href":"https:\/\/bainsdenergies.fr\/index.php\/wp-json\/wp\/v2\/pages\/593","targetHints":{"allow":["GET"]}}],"collection":[{"href":"https:\/\/bainsdenergies.fr\/index.php\/wp-json\/wp\/v2\/pages"}],"about":[{"href":"https:\/\/bainsdenergies.fr\/index.php\/wp-json\/wp\/v2\/types\/page"}],"author":[{"embeddable":true,"href":"https:\/\/bainsdenergies.fr\/index.php\/wp-json\/wp\/v2\/users\/1"}],"replies":[{"embeddable":true,"href":"https:\/\/bainsdenergies.fr\/index.php\/wp-json\/wp\/v2\/comments?post=593"}],"version-history":[{"count":26,"href":"https:\/\/bainsdenergies.fr\/index.php\/wp-json\/wp\/v2\/pages\/593\/revisions"}],"predecessor-version":[{"id":1887,"href":"https:\/\/bainsdenergies.fr\/index.php\/wp-json\/wp\/v2\/pages\/593\/revisions\/1887"}],"wp:featuredmedia":[{"embeddable":true,"href":"https:\/\/bainsdenergies.fr\/index.php\/wp-json\/wp\/v2\/media\/1570"}],"wp:attachment":[{"href":"https:\/\/bainsdenergies.fr\/index.php\/wp-json\/wp\/v2\/media?parent=593"}],"curies":[{"name":"wp","href":"https:\/\/api.w.org\/{rel}","templated":true}]}}