{"id":1497,"date":"2024-04-08T17:26:02","date_gmt":"2024-04-08T15:26:02","guid":{"rendered":"http:\/\/bainsdenergies.fr\/?page_id=1497"},"modified":"2024-04-12T13:20:06","modified_gmt":"2024-04-12T11:20:06","slug":"lenergie-hydro-electrique","status":"publish","type":"page","link":"https:\/\/bainsdenergies.fr\/index.php\/lenergie-hydro-electrique\/","title":{"rendered":"L&rsquo;\u00e9nergie hydro-\u00e9lectrique"},"content":{"rendered":"\n<div class=\"wp-block-stackable-spacer stk-block-spacer stk--no-padding stk-block stk-b25f4b7\" data-block-id=\"b25f4b7\"><\/div>\n\n\n\n<div class=\"wp-block-stackable-heading aligncenter stk-block-heading stk-block-heading--v2 stk-block stk-0e4b883\" id=\"le-coeur-de-notre-projet\" data-block-id=\"0e4b883\"><h2 class=\"stk-block-heading__text\">Le coeur de notre projet<\/h2><\/div>\n\n\n\n<div class=\"wp-block-stackable-spacer stk-block-spacer stk--no-padding stk-block stk-5163849\" data-block-id=\"5163849\"><\/div>\n\n\n\n<figure class=\"wp-block-image size-full\"><img loading=\"lazy\" decoding=\"async\" width=\"1368\" height=\"758\" src=\"http:\/\/bainsdenergies.fr\/wp-content\/uploads\/2024\/04\/Capture-decran-2024-04-12-a-11.05.55.png\" alt=\"\" class=\"wp-image-1612\" srcset=\"https:\/\/bainsdenergies.fr\/wp-content\/uploads\/2024\/04\/Capture-decran-2024-04-12-a-11.05.55.png 1368w, https:\/\/bainsdenergies.fr\/wp-content\/uploads\/2024\/04\/Capture-decran-2024-04-12-a-11.05.55-300x166.png 300w, https:\/\/bainsdenergies.fr\/wp-content\/uploads\/2024\/04\/Capture-decran-2024-04-12-a-11.05.55-1024x567.png 1024w, https:\/\/bainsdenergies.fr\/wp-content\/uploads\/2024\/04\/Capture-decran-2024-04-12-a-11.05.55-768x426.png 768w\" sizes=\"auto, (max-width: 1368px) 100vw, 1368px\" \/><\/figure>\n\n\n\n<div class=\"wp-block-stackable-text stk-block-text stk-block stk-7792f34\" data-block-id=\"7792f34\"><p class=\"stk-block-text__text has-text-align-center\"><em>Plan d&rsquo;implantation du projet, en aval de Bains-les-Bains, sur le ruisseau \u00ab\u00a0Bagnerot\u00a0\u00bb<\/em><\/p><\/div>\n\n\n\n<div class=\"wp-block-stackable-spacer stk-block-spacer stk--no-padding stk-block stk-1f68ddb\" data-block-id=\"1f68ddb\"><\/div>\n\n\n\n<div class=\"wp-block-stackable-heading stk-block-heading stk-block-heading--v2 stk-block stk-a21a353\" id=\"hydro\" data-block-id=\"a21a353\"><h4 class=\"stk-block-heading__text\">Ce projet avance lentement, mais s\u00fbrement !<\/h4><\/div>\n\n\n\n<p>* Le 25 janvier 2023, la Pr\u00e9f\u00e8te de la R\u00e9gion Grand-Est a donn\u00e9 un avis favorable \u00e0 la poursuite de notre projet.<\/p>\n\n\n\n<p>* Le 10 mars 2023 une loi a \u00e9t\u00e9 vot\u00e9e favorisant la cr\u00e9ation de sites de production d\u2019\u00e9nergies renouvelables.<\/p>\n\n\n\n<p>* Une convention d\u2019utilisation du site a \u00e9t\u00e9 valid\u00e9e entre la SCI propri\u00e9taire du site et la SCIC.<\/p>\n\n\n\n<p>* Le bureau d\u2019\u00e9tude Jacquel &amp; Chatillon a r\u00e9alis\u00e9 la \u00ab&nbsp;Demande d\u2019autorisation environnementale&nbsp;\u00bb DAE.<\/p>\n\n\n\n<p>* Une \u00e9tude compl\u00e9mentaire est en cours.<\/p>\n\n\n\n<p>Bien que l\u2019on parle de cr\u00e9ation, l\u2019eau va s\u2019\u00e9couler dans l\u2019ancien canal construit il y a plus de 100 ans d\u00e9j\u00e0 pour utiliser la force naturelle de l\u2019eau. La future voie \u00e0 mobilit\u00e9 verte le suit tout du long.&nbsp;Ce projet est la colonne vert\u00e9brale de la r\u00e9unification de deux anciens sites industriels, la Tr\u00e9filerie en amont et le Moulin-au-Bois en aval.<\/p>\n\n\n\n<figure class=\"wp-block-image aligncenter size-large\"><img loading=\"lazy\" decoding=\"async\" width=\"1024\" height=\"680\" src=\"http:\/\/bainsdenergies.fr\/wp-content\/uploads\/2024\/04\/Capture-decran-2024-04-12-a-11.06.44-1024x680.png\" alt=\"\" class=\"wp-image-1613\" srcset=\"https:\/\/bainsdenergies.fr\/wp-content\/uploads\/2024\/04\/Capture-decran-2024-04-12-a-11.06.44-1024x680.png 1024w, https:\/\/bainsdenergies.fr\/wp-content\/uploads\/2024\/04\/Capture-decran-2024-04-12-a-11.06.44-300x199.png 300w, https:\/\/bainsdenergies.fr\/wp-content\/uploads\/2024\/04\/Capture-decran-2024-04-12-a-11.06.44-768x510.png 768w, https:\/\/bainsdenergies.fr\/wp-content\/uploads\/2024\/04\/Capture-decran-2024-04-12-a-11.06.44.png 1422w\" sizes=\"auto, (max-width: 1024px) 100vw, 1024px\" \/><\/figure>\n\n\n\n<div class=\"wp-block-stackable-heading stk-block-heading stk-block-heading--v2 stk-block stk-67ee5df\" id=\"les-chiffres-nbsp\" data-block-id=\"67ee5df\"><h4 class=\"stk-block-heading__text\">Les chiffres&nbsp;:<\/h4><\/div>\n\n\n\n<p>Le d\u00e9bit utilisable tenant compte de tous les aspects environnementaux est de 1,2 m3\/s.<\/p>\n\n\n\n<p>La puissance attendue avoisine les 200 kW, correspondant \u00e0 l&rsquo;alimentation de 160 foyers (hors chauffage)<\/p>\n\n\n\n<p>La productivit\u00e9 annuelle sera de l\u2019ordre de 476 693 kWh.<\/p>\n\n\n\n<p>L\u2019\u00e9tude actualis\u00e9e pr\u00e9sentant des travaux \u00ab&nbsp;clef en main&nbsp;\u00bb aboutit \u00e0 un budget de 1 115 500 euros HT.<\/p>\n\n\n\n<p>Le temps de retour brut sur investissement est pr\u00e9vu pour 12 ans.<\/p>\n\n\n\n<div class=\"wp-block-stackable-spacer stk-block-spacer stk--no-padding stk-block stk-093e286\" data-block-id=\"093e286\"><\/div>\n\n\n\n<figure class=\"wp-block-image aligncenter size-large\"><img loading=\"lazy\" decoding=\"async\" width=\"1024\" height=\"660\" src=\"http:\/\/bainsdenergies.fr\/wp-content\/uploads\/2024\/04\/image-9-1024x660.jpeg\" alt=\"\" class=\"wp-image-1499\" srcset=\"https:\/\/bainsdenergies.fr\/wp-content\/uploads\/2024\/04\/image-9-1024x660.jpeg 1024w, https:\/\/bainsdenergies.fr\/wp-content\/uploads\/2024\/04\/image-9-300x193.jpeg 300w, https:\/\/bainsdenergies.fr\/wp-content\/uploads\/2024\/04\/image-9-768x495.jpeg 768w, https:\/\/bainsdenergies.fr\/wp-content\/uploads\/2024\/04\/image-9.jpeg 1040w\" sizes=\"auto, (max-width: 1024px) 100vw, 1024px\" \/><\/figure>\n\n\n\n<div class=\"wp-block-stackable-spacer stk-block-spacer stk--no-padding stk-block stk-61925b0\" data-block-id=\"61925b0\"><\/div>\n\n\n\n<div class=\"wp-block-stackable-heading stk-block-heading stk-block-heading--v2 stk-block stk-23227e4\" id=\"pour-participer-a-ce-projet-qui-va-permettre-la-production-dune-energie-non-polluante-tout-au-long-de-lannee\" data-block-id=\"23227e4\"><h6 class=\"stk-block-heading__text has-text-align-left\">Pour participer \u00e0 ce projet qui va permettre la production d&rsquo;une \u00e9nergie non polluante tout au long de l&rsquo;ann\u00e9e :<\/h6><\/div>\n\n\n\n<div class=\"wp-block-stackable-button-group stk-block-button-group stk-block stk-890da46\" data-block-id=\"890da46\"><style>.stk-890da46{z-index:1 !important}.stk-890da46 .stk-inner-blocks{column-gap:0px !important}<\/style><div class=\"stk-row stk-inner-blocks has-text-align-space-between stk-block-content stk-button-group\">\n<div class=\"wp-block-stackable-button stk-block-button stk-block stk-9aa4675\" data-block-id=\"9aa4675\"><a class=\"stk-link stk-button stk--hover-effect-darken\" href=\".\/index.php\/2024\/01\/25\/rejoignez-nous\"><span class=\"stk-button__inner-text\">Rejoignez-nous !<\/span><\/a><\/div>\n<\/div><\/div>\n\n\n\n<div class=\"wp-block-stackable-spacer stk-block-spacer stk--no-padding stk-block stk-d4585b6\" data-block-id=\"d4585b6\"><style>.stk-d4585b6{height:88px !important}<\/style><\/div>\n\n\n\n<div class=\"wp-block-group is-layout-constrained wp-block-group-is-layout-constrained\">\n<div class=\"wp-block-stackable-columns alignfull stk-block-columns stk-block stk-51483c5 stk-block-background stk--has-background-overlay\" data-block-id=\"51483c5\"><style>.stk-51483c5 .stk--block-align-51483c5{align-items:center !important}.stk-51483c5{background-color:#000000 !important;background-image:url(http:\/\/bainsdenergies.fr\/wp-content\/uploads\/2024\/01\/Page1-2.jpeg) !important;padding-top:150px !important;padding-bottom:150px !important;margin-bottom:0px !important}.stk-51483c5:before{background-color:#000000 !important;opacity:0.3 !important}.stk-51483c5-column{--stk-column-gap:35px !important}@media screen and (max-width:1023px){.stk-51483c5{padding-top:100px !important;padding-bottom:100px !important}}<\/style><div class=\"stk-row stk-inner-blocks stk--block-align-51483c5 stk-block-content stk-content-align stk-51483c5-column\">\n<div class=\"wp-block-stackable-column stk-block-column stk-column stk-block stk-6cfc4a8\" data-v=\"4\" data-block-id=\"6cfc4a8\"><style>.stk-6cfc4a8-container{margin-top:0px !important;margin-right:0px !important;margin-bottom:0px !important;margin-left:0px !important}@media screen and (min-width:768px) and (max-width:1023px){.stk-6cfc4a8{flex:0 1 calc(100% - var(--stk-column-gap,0px) * 0 \/ 1 ) !important}}<\/style><div class=\"stk-column-wrapper stk-block-column__content stk-container stk-6cfc4a8-container stk--no-background stk--no-padding\"><div class=\"stk-block-content stk-inner-blocks stk-6cfc4a8-inner-blocks\">\n<div class=\"wp-block-stackable-text stk-block-text stk-block stk-488d65e\" data-block-id=\"488d65e\"><style>.stk-488d65e{margin-bottom:10px !important}.stk-488d65e .stk-block-text__text{color:var(--theme-palette-color-5,#edeff2) !important}<\/style><p class=\"stk-block-text__text has-text-color has-palette-color-5-color has-text-align-center-mobile\">Rejoignez-nous<\/p><\/div>\n\n\n\n<div class=\"wp-block-stackable-divider stk-block-divider stk--hide-mobile has-text-align-left stk-block stk-dcead3d is-style-bar\" data-block-id=\"dcead3d\"><style>.stk-dcead3d{margin-bottom:15px !important}.stk-dcead3d hr.stk-block-divider__hr{background:var(--theme-palette-color-1,#ffcd05) !important;border-radius:calc(4px \/ 2) !important;height:4px !important;width:17% !important}<\/style><hr class=\"stk-block-divider__hr\"\/><\/div>\n\n\n\n<div class=\"wp-block-stackable-heading stk-block-heading stk-block-heading--v2 stk-block stk-954caba\" id=\"venez-nous-aider-a-rendre-le-futur-plus-beau\" data-block-id=\"954caba\"><style>.stk-954caba{margin-bottom:20px !important}.stk-954caba .stk-block-heading__text{font-size:50px !important;color:var(--theme-palette-color-8,#ffffff) !important;line-height:1.2em !important}@media screen and (max-width:1023px){.stk-954caba .stk-block-heading__text{font-size:40px !important}}<\/style><h2 class=\"stk-block-heading__text has-text-color has-palette-color-8-color has-text-align-center-mobile\">Venez nous aider \u00e0 rendre le futur plus beau<\/h2><\/div>\n\n\n\n<div class=\"wp-block-stackable-text stk-block-text stk-block stk-35e8da2\" data-block-id=\"35e8da2\"><style>.stk-35e8da2{margin-bottom:40px !important}.stk-35e8da2 .stk-block-text__text{color:var(--theme-palette-color-5,#edeff2) !important}<\/style><p class=\"stk-block-text__text has-text-color has-palette-color-5-color has-text-align-center-mobile\">\u00c0 Bains d&rsquo;\u00c9nergies, on m\u00e8ne une action de transition \u00e9cologique avec des animations, des installations de production d&rsquo;\u00e9nergie et d&rsquo;\u00e9conomie alternative. Un endroit o\u00f9 l&rsquo;on s&rsquo;engage dans une d\u00e9marche d&rsquo;avenir !<\/p><\/div>\n\n\n\n<div class=\"wp-block-stackable-button-group stk-block-button-group stk-block stk-2fdae91\" data-block-id=\"2fdae91\"><div class=\"stk-row stk-inner-blocks has-text-align-center-mobile stk-block-content stk-button-group\">\n<div class=\"wp-block-stackable-button stk-block-button stk-block stk-273f1be\" data-block-id=\"273f1be\"><style>.stk-273f1be .stk-button{padding-top:12px !important;padding-right:30px !important;padding-bottom:12px !important;padding-left:30px !important;border-top-left-radius:3px !important;border-top-right-radius:3px !important;border-bottom-right-radius:3px !important;border-bottom-left-radius:3px !important}.stk-273f1be .stk-button__inner-text{font-size:1.15em !important;color:var(--theme-palette-color-4,#111518) !important}@media screen and (max-width:1023px){.stk-273f1be .stk-button__inner-text{font-size:1.15em !important}}<\/style><a class=\"stk-link stk-button stk--hover-effect-darken\" href=\".\/index.php\/2024\/01\/25\/rejoignez-nous\"><span class=\"has-text-color has-palette-color-4-color stk-button__inner-text\">Nous rejoindre<\/span><\/a><\/div>\n<\/div><\/div>\n<\/div><\/div><\/div>\n\n\n\n<div class=\"wp-block-stackable-column stk-block-column stk-column stk-block stk-54ec8b1\" data-v=\"4\" data-block-id=\"54ec8b1\"><style>.stk-54ec8b1-container{margin-top:0px !important;margin-right:0px !important;margin-bottom:0px !important;margin-left:0px !important}@media screen and (min-width:768px) and (max-width:1023px){.stk-54ec8b1{flex:0 1 calc(50% - var(--stk-column-gap,0px) * 0 \/ 1 ) !important}}<\/style><div class=\"stk-column-wrapper stk-block-column__content stk-container stk-54ec8b1-container stk--no-background stk--no-padding\"><div class=\"stk-block-content stk-inner-blocks stk-54ec8b1-inner-blocks\"><\/div><\/div><\/div>\n<\/div><\/div>\n<\/div>\n","protected":false},"excerpt":{"rendered":"<p>Le coeur de notre projet Plan d&rsquo;implantation du projet, en aval de Bains-les-Bains, sur le ruisseau \u00ab\u00a0Bagnerot\u00a0\u00bb Ce projet avance lentement, mais s\u00fbrement ! * Le 25 janvier 2023, la Pr\u00e9f\u00e8te de la R\u00e9gion Grand-Est a donn\u00e9 un avis favorable \u00e0 la poursuite de notre projet. * Le 10 mars 2023 une loi a \u00e9t\u00e9 [&hellip;]<\/p>\n","protected":false},"author":1,"featured_media":1616,"parent":0,"menu_order":0,"comment_status":"closed","ping_status":"closed","template":"","meta":{"footnotes":""},"class_list":["post-1497","page","type-page","status-publish","has-post-thumbnail","hentry"],"blocksy_meta":[],"featured_image_urls":{"full":["https:\/\/bainsdenergies.fr\/wp-content\/uploads\/2024\/04\/Capture-decran-2024-04-12-a-11.11.27.png",678,508,false],"thumbnail":["https:\/\/bainsdenergies.fr\/wp-content\/uploads\/2024\/04\/Capture-decran-2024-04-12-a-11.11.27-150x150.png",150,150,true],"medium":["https:\/\/bainsdenergies.fr\/wp-content\/uploads\/2024\/04\/Capture-decran-2024-04-12-a-11.11.27-300x225.png",300,225,true],"medium_large":["https:\/\/bainsdenergies.fr\/wp-content\/uploads\/2024\/04\/Capture-decran-2024-04-12-a-11.11.27.png",678,508,false],"large":["https:\/\/bainsdenergies.fr\/wp-content\/uploads\/2024\/04\/Capture-decran-2024-04-12-a-11.11.27.png",678,508,false],"1536x1536":["https:\/\/bainsdenergies.fr\/wp-content\/uploads\/2024\/04\/Capture-decran-2024-04-12-a-11.11.27.png",678,508,false],"2048x2048":["https:\/\/bainsdenergies.fr\/wp-content\/uploads\/2024\/04\/Capture-decran-2024-04-12-a-11.11.27.png",678,508,false]},"post_excerpt_stackable":"<p>Le coeur de notre projet Plan d&rsquo;implantation du projet, en aval de Bains-les-Bains, sur le ruisseau \u00ab\u00a0Bagnerot\u00a0\u00bb Ce projet avance lentement, mais s\u00fbrement ! * Le 25 janvier 2023, la Pr\u00e9f\u00e8te de la R\u00e9gion Grand-Est a donn\u00e9 un avis favorable \u00e0 la poursuite de notre projet. * Le 10 mars 2023 une loi a \u00e9t\u00e9 vot\u00e9e favorisant la cr\u00e9ation de sites de production d\u2019\u00e9nergies renouvelables. * Une convention d\u2019utilisation du site a \u00e9t\u00e9 valid\u00e9e entre la SCI propri\u00e9taire du site et la SCIC. * Le bureau d\u2019\u00e9tude Jacquel &amp; Chatillon a r\u00e9alis\u00e9 la \u00ab&nbsp;Demande d\u2019autorisation environnementale&nbsp;\u00bb DAE. * Une \u00e9tude\u2026<\/p>\n","category_list":"","author_info":{"name":"admin2024","url":"https:\/\/bainsdenergies.fr\/index.php\/author\/admin2024\/"},"comments_num":"0 commentaire","_links":{"self":[{"href":"https:\/\/bainsdenergies.fr\/index.php\/wp-json\/wp\/v2\/pages\/1497","targetHints":{"allow":["GET"]}}],"collection":[{"href":"https:\/\/bainsdenergies.fr\/index.php\/wp-json\/wp\/v2\/pages"}],"about":[{"href":"https:\/\/bainsdenergies.fr\/index.php\/wp-json\/wp\/v2\/types\/page"}],"author":[{"embeddable":true,"href":"https:\/\/bainsdenergies.fr\/index.php\/wp-json\/wp\/v2\/users\/1"}],"replies":[{"embeddable":true,"href":"https:\/\/bainsdenergies.fr\/index.php\/wp-json\/wp\/v2\/comments?post=1497"}],"version-history":[{"count":11,"href":"https:\/\/bainsdenergies.fr\/index.php\/wp-json\/wp\/v2\/pages\/1497\/revisions"}],"predecessor-version":[{"id":1630,"href":"https:\/\/bainsdenergies.fr\/index.php\/wp-json\/wp\/v2\/pages\/1497\/revisions\/1630"}],"wp:featuredmedia":[{"embeddable":true,"href":"https:\/\/bainsdenergies.fr\/index.php\/wp-json\/wp\/v2\/media\/1616"}],"wp:attachment":[{"href":"https:\/\/bainsdenergies.fr\/index.php\/wp-json\/wp\/v2\/media?parent=1497"}],"curies":[{"name":"wp","href":"https:\/\/api.w.org\/{rel}","templated":true}]}}